{"id":22727,"date":"2025-08-18T13:25:11","date_gmt":"2025-08-18T11:25:11","guid":{"rendered":"http:\/\/electro.flaming-commerce.pl\/?page_id=22727"},"modified":"2025-09-12T07:55:15","modified_gmt":"2025-09-12T05:55:15","slug":"czas-i-koszt-dostawy","status":"publish","type":"page","link":"http:\/\/electro.flaming-commerce.pl\/index.php\/czas-i-koszt-dostawy\/","title":{"rendered":"Czas i koszt dostawy"},"content":{"rendered":"\t\t<div data-elementor-type=\"wp-page\" data-elementor-id=\"22727\" class=\"elementor elementor-22727\">\n\t\t\t\t<div class=\"elementor-element elementor-element-06e8d87 e-grid e-con-boxed e-con e-parent\" data-id=\"06e8d87\" data-element_type=\"container\">\n\t\t\t\t\t<div class=\"e-con-inner\">\n\t\t\t\t<div class=\"elementor-element elementor-element-0fc4bac elementor-widget elementor-widget-text-editor\" data-id=\"0fc4bac\" data-element_type=\"widget\" data-widget_type=\"text-editor.default\">\n\t\t\t\t\t\t\t\t\t<h2><strong data-start=\"154\" data-end=\"171\">Koszt dostawy<\/strong><\/h2><p data-start=\"175\" data-end=\"405\">Witamy w sklepie <strong data-start=\"192\" data-end=\"206\">\u015arubmet.pl<\/strong> \u2013 Twoim zaufanym miejscu na zakupy \u015brub, nakr\u0119tek i element\u00f3w z\u0142\u0105cznych online. Dok\u0142adamy wszelkich stara\u0144, aby Twoje zam\u00f3wienia by\u0142y realizowane szybko, bezpiecznie i w mo\u017cliwie najni\u017cszej cenie.<\/p><p data-start=\"407\" data-end=\"531\">Poni\u017cej znajdziesz szczeg\u00f3\u0142owe informacje dotycz\u0105ce koszt\u00f3w dostawy, czasu realizacji oraz mo\u017cliwo\u015bci \u015bledzenia przesy\u0142ki.<\/p><hr data-start=\"533\" data-end=\"536\" \/><h2 data-start=\"538\" data-end=\"569\"><strong data-start=\"541\" data-end=\"567\">Szczeg\u00f3\u0142owe informacje<\/strong><\/h2><p data-start=\"571\" data-end=\"671\"><strong data-start=\"571\" data-end=\"591\">Czas realizacji:<\/strong><br data-start=\"591\" data-end=\"594\" \/>Czas realizacji zam\u00f3wienia liczony jest od momentu zaksi\u0119gowania p\u0142atno\u015bci.<\/p><ul data-start=\"672\" data-end=\"1061\"><li data-start=\"672\" data-end=\"793\"><p data-start=\"674\" data-end=\"793\">Przy <strong data-start=\"679\" data-end=\"714\">p\u0142atno\u015bci przelewem tradycyjnym<\/strong> czas realizacji mo\u017ce wyd\u0142u\u017cy\u0107 si\u0119 o czas potrzebny na zaksi\u0119gowanie \u015brodk\u00f3w.<\/p><\/li><li data-start=\"794\" data-end=\"850\"><p data-start=\"796\" data-end=\"850\">Standardowy czas dostawy wynosi <strong data-start=\"828\" data-end=\"847\">1-2 dni robocze<\/strong>.<\/p><\/li><li data-start=\"851\" data-end=\"1061\"><p data-start=\"853\" data-end=\"1061\">W przypadku produkt\u00f3w dost\u0119pnych <strong data-start=\"886\" data-end=\"903\">na zam\u00f3wienie<\/strong>, realizacja mo\u017ce potrwa\u0107 do <strong data-start=\"932\" data-end=\"954\">7-14 dni roboczych<\/strong>.<br data-start=\"955\" data-end=\"958\" \/>Je\u015bli chcesz upewni\u0107 si\u0119 co do dost\u0119pno\u015bci danego produktu, skontaktuj si\u0119 z nami \u2013 ch\u0119tnie pomo\u017cemy!<\/p><\/li><\/ul><hr data-start=\"1063\" data-end=\"1066\" \/><h2 data-start=\"1068\" data-end=\"1091\"><strong data-start=\"1071\" data-end=\"1089\">Cennik dostawy<\/strong><\/h2><h3 data-start=\"1093\" data-end=\"1116\"><strong data-start=\"1097\" data-end=\"1114\">Kurier InPost<\/strong><\/h3><ul data-start=\"1117\" data-end=\"1173\"><li data-start=\"1117\" data-end=\"1145\"><p data-start=\"1119\" data-end=\"1145\"><strong data-start=\"1119\" data-end=\"1134\">Przedp\u0142ata:<\/strong> 15,90 z\u0142<\/p><\/li><li data-start=\"1146\" data-end=\"1173\"><p data-start=\"1148\" data-end=\"1173\"><strong data-start=\"1148\" data-end=\"1161\">Pobranie:<\/strong> + 5,00 z\u0142<\/p><\/li><\/ul><h3 data-start=\"1175\" data-end=\"1202\"><strong data-start=\"1179\" data-end=\"1200\">Paczkomaty InPost<\/strong><\/h3><ul data-start=\"1203\" data-end=\"1382\"><li data-start=\"1203\" data-end=\"1262\"><p data-start=\"1205\" data-end=\"1262\"><strong data-start=\"1205\" data-end=\"1219\">Gabaryt A:<\/strong> 14,90 z\u0142 (przedp\u0142ata) + 5,00 z\u0142 pobranie<\/p><\/li><li data-start=\"1263\" data-end=\"1322\"><p data-start=\"1265\" data-end=\"1322\"><strong data-start=\"1265\" data-end=\"1279\">Gabaryt B:<\/strong> 16,90 z\u0142 (przedp\u0142ata) + 5,00 z\u0142 pobranie<\/p><\/li><li data-start=\"1323\" data-end=\"1382\"><p data-start=\"1325\" data-end=\"1382\"><strong data-start=\"1325\" data-end=\"1339\">Gabaryt C:<\/strong> 17,90 z\u0142 (przedp\u0142ata) + 5,00 z\u0142 pobranie<\/p><\/li><\/ul><h3 data-start=\"1384\" data-end=\"1404\"><strong data-start=\"1388\" data-end=\"1402\">Kurier DPD<\/strong><\/h3><ul data-start=\"1405\" data-end=\"1461\"><li data-start=\"1405\" data-end=\"1433\"><p data-start=\"1407\" data-end=\"1433\"><strong data-start=\"1407\" data-end=\"1422\">Przedp\u0142ata:<\/strong> 17,90 z\u0142<\/p><\/li><li data-start=\"1434\" data-end=\"1461\"><p data-start=\"1436\" data-end=\"1461\"><strong data-start=\"1436\" data-end=\"1449\">Pobranie:<\/strong> + 5,00 z\u0142<\/p><\/li><\/ul><h3 data-start=\"1463\" data-end=\"1483\"><strong data-start=\"1467\" data-end=\"1481\">Kurier DHL<\/strong><\/h3><ul data-start=\"1484\" data-end=\"1540\"><li data-start=\"1484\" data-end=\"1512\"><p data-start=\"1486\" data-end=\"1512\"><strong data-start=\"1486\" data-end=\"1501\">Przedp\u0142ata:<\/strong> 17,90 z\u0142<\/p><\/li><li data-start=\"1513\" data-end=\"1540\"><p data-start=\"1515\" data-end=\"1540\"><strong data-start=\"1515\" data-end=\"1528\">Pobranie:<\/strong> + 5,00 z\u0142<\/p><\/li><\/ul><hr data-start=\"1542\" data-end=\"1545\" \/><h2 data-start=\"1547\" data-end=\"1571\"><strong data-start=\"1550\" data-end=\"1569\">Darmowa dostawa<\/strong><\/h2><p data-start=\"1572\" data-end=\"1691\">Przy zam\u00f3wieniach o warto\u015bci <strong data-start=\"1601\" data-end=\"1619\">powy\u017cej 400 z\u0142<\/strong> oferujemy <strong data-start=\"1630\" data-end=\"1649\">darmow\u0105 dostaw\u0119<\/strong> wszystkimi dost\u0119pnymi metodami wysy\u0142ki.<\/p><hr data-start=\"1693\" data-end=\"1696\" \/><h2 data-start=\"1698\" data-end=\"1728\"><strong data-start=\"1701\" data-end=\"1726\">Potwierdzenie wysy\u0142ki<\/strong><\/h2><p data-start=\"1729\" data-end=\"1928\">Po skompletowaniu zam\u00f3wienia paczka zostanie przekazana przewo\u017anikowi. Na podany adres e-mail otrzymasz potwierdzenie wraz z <strong data-start=\"1854\" data-end=\"1875\">numerem przesy\u0142ki<\/strong>, dzi\u0119ki czemu mo\u017cesz \u015bledzi\u0107 status swojej paczki.<\/p><hr data-start=\"1930\" data-end=\"1933\" \/><h2 data-start=\"1935\" data-end=\"1949\"><strong data-start=\"1938\" data-end=\"1947\">Uwagi<\/strong><\/h2><ul data-start=\"1950\" data-end=\"2155\"><li data-start=\"1950\" data-end=\"2037\"><p data-start=\"1952\" data-end=\"2037\">W okresach <strong data-start=\"1963\" data-end=\"1988\">intensywnych promocji<\/strong> czas realizacji zam\u00f3wie\u0144 mo\u017ce ulec wyd\u0142u\u017ceniu.<\/p><\/li><li data-start=\"2038\" data-end=\"2155\"><p data-start=\"2040\" data-end=\"2155\">Status przesy\u0142ki mo\u017cesz \u015bledzi\u0107 bezpo\u015brednio na stronie internetowej przewo\u017anika, korzystaj\u0105c z numeru przesy\u0142ki.<\/p><\/li><\/ul><hr data-start=\"2157\" data-end=\"2160\" \/><p data-start=\"2162\" data-end=\"2380\"><strong data-start=\"2162\" data-end=\"2200\">Dzi\u0119kujemy za zakupy w \u015arubmet.pl!<\/strong><br data-start=\"2200\" data-end=\"2203\" \/>Dbamy o to, aby Twoje zam\u00f3wienia by\u0142y dostarczane szybko, bezpiecznie i w najlepszych mo\u017cliwych warunkach. W razie pyta\u0144 nasz zesp\u00f3\u0142 obs\u0142ugi klienta jest do Twojej dyspozycji.<\/p>\t\t\t\t\t\t\t\t<\/div>\n\t\t\t\t\t<\/div>\n\t\t\t\t<\/div>\n\t\t\t\t<\/div>\n\t\t","protected":false},"excerpt":{"rendered":"<p>Koszt dostawy Witamy w sklepie \u015arubmet.pl \u2013 Twoim zaufanym miejscu na zakupy \u015brub, nakr\u0119tek i element\u00f3w z\u0142\u0105cznych online. Dok\u0142adamy wszelkich stara\u0144, aby Twoje zam\u00f3wienia by\u0142y realizowane szybko, bezpiecznie i w mo\u017cliwie najni\u017cszej cenie. Poni\u017cej znajdziesz szczeg\u00f3\u0142owe informacje dotycz\u0105ce koszt\u00f3w dostawy, czasu realizacji oraz mo\u017cliwo\u015bci \u015bledzenia przesy\u0142ki. Szczeg\u00f3\u0142owe informacje Czas realizacji:Czas realizacji zam\u00f3wienia liczony jest od [&hellip;]<\/p>\n","protected":false},"author":1,"featured_media":0,"parent":0,"menu_order":0,"comment_status":"closed","ping_status":"closed","template":"","meta":{"footnotes":""},"class_list":["post-22727","page","type-page","status-publish","hentry"],"_links":{"self":[{"href":"http:\/\/electro.flaming-commerce.pl\/index.php\/wp-json\/wp\/v2\/pages\/22727","targetHints":{"allow":["GET"]}}],"collection":[{"href":"http:\/\/electro.flaming-commerce.pl\/index.php\/wp-json\/wp\/v2\/pages"}],"about":[{"href":"http:\/\/electro.flaming-commerce.pl\/index.php\/wp-json\/wp\/v2\/types\/page"}],"author":[{"embeddable":true,"href":"http:\/\/electro.flaming-commerce.pl\/index.php\/wp-json\/wp\/v2\/users\/1"}],"replies":[{"embeddable":true,"href":"http:\/\/electro.flaming-commerce.pl\/index.php\/wp-json\/wp\/v2\/comments?post=22727"}],"version-history":[{"count":13,"href":"http:\/\/electro.flaming-commerce.pl\/index.php\/wp-json\/wp\/v2\/pages\/22727\/revisions"}],"predecessor-version":[{"id":24181,"href":"http:\/\/electro.flaming-commerce.pl\/index.php\/wp-json\/wp\/v2\/pages\/22727\/revisions\/24181"}],"wp:attachment":[{"href":"http:\/\/electro.flaming-commerce.pl\/index.php\/wp-json\/wp\/v2\/media?parent=22727"}],"curies":[{"name":"wp","href":"https:\/\/api.w.org\/{rel}","templated":true}]}}