{"id":22732,"date":"2025-08-18T13:26:41","date_gmt":"2025-08-18T11:26:41","guid":{"rendered":"http:\/\/electro.flaming-commerce.pl\/?page_id=22732"},"modified":"2025-09-08T11:28:53","modified_gmt":"2025-09-08T09:28:53","slug":"metody-platnosci","status":"publish","type":"page","link":"http:\/\/electro.flaming-commerce.pl\/index.php\/metody-platnosci\/","title":{"rendered":"Metody p\u0142atno\u015bci"},"content":{"rendered":"\t\t<div data-elementor-type=\"wp-page\" data-elementor-id=\"22732\" class=\"elementor elementor-22732\">\n\t\t\t\t<div class=\"elementor-element elementor-element-7a08c6e e-grid e-con-boxed e-con e-parent\" data-id=\"7a08c6e\" data-element_type=\"container\">\n\t\t\t\t\t<div class=\"e-con-inner\">\n\t\t\t\t<div class=\"elementor-element elementor-element-4b8be96 elementor-widget elementor-widget-text-editor\" data-id=\"4b8be96\" data-element_type=\"widget\" data-widget_type=\"text-editor.default\">\n\t\t\t\t\t\t\t\t\t<h2 class=\"boxhead\">METODY P\u0141ATNO\u015aCI<\/h2><div class=\"innerbox\"><div class=\"resetcss\"><p><strong>SRUBMET.PL<\/strong>\u00a0oferuje r\u00f3\u017cnorodne i bezpieczne metody p\u0142atno\u015bci, aby zapewni\u0107 naszym klientom komfort i wygod\u0119 podczas zakup\u00f3w. Niezale\u017cnie od preferencji, na pewno znajdziesz opcj\u0119, kt\u00f3ra b\u0119dzie dla Ciebie odpowiednia. Poni\u017cej przedstawiamy dost\u0119pne metody p\u0142atno\u015bci:<\/p><hr \/><h4><strong>1. Przelew Tradycyjny<\/strong><\/h4><p>Je\u015bli preferujesz tradycyjn\u0105 form\u0119 p\u0142atno\u015bci, mo\u017cesz dokona\u0107 przelewu na nasze konto bankowe. Informacje o rachunku bankowym zostan\u0105 podane natychmiast po z\u0142o\u017ceniu zam\u00f3wienia. Przelew mo\u017cesz wykona\u0107 online, w banku lub na poczcie. Po zaksi\u0119gowaniu wp\u0142aty na naszym koncie, otrzymasz potwierdzenie p\u0142atno\u015bci drog\u0105 mailow\u0105. Pami\u0119taj, \u017ce czas realizacji zam\u00f3wienia rozpoczyna si\u0119 od momentu otrzymania p\u0142atno\u015bci.<\/p><p>F.H.U. \u015aRUB-MET Marcin Kury\u0142o<br \/>ul.Chorzowska 98<br \/>41-605 \u015awi\u0119toch\u0142owice\u00a0<br \/><strong>Numer rachunku bankowego:<\/strong><br \/>PL XX XXXX XXXX XXXX XXXX XXXX XXXX<\/p><hr \/><h4><strong>2. Przelew Online za Pomoc\u0105 PayU<\/strong><\/h4><p>Dzi\u0119ki systemowi PayU mo\u017cesz zrealizowa\u0107 przelew online z natychmiastowym potwierdzeniem. PayU dzia\u0142a 24 godziny na dob\u0119, 7 dni w tygodniu, co zapewnia szybkie i bezpieczne zakupy. Po zako\u0144czeniu transakcji od razu otrzymasz potwierdzenie, a my natychmiast przyst\u0105pimy do realizacji Twojego zam\u00f3wienia.<\/p><hr \/><h4><strong>3. Karta Kredytowa \/ Debetowa<\/strong><\/h4><p>Akceptujemy szeroki wachlarz kart kredytowych i debetowych, takich jak:<\/p><ul><li><strong>VISA<\/strong><\/li><li><strong>Mastercard<\/strong><\/li><li><strong>Diners Club INTERNATIONAL<\/strong><\/li><li><strong>Discover<\/strong><\/li><li><strong>American Express<\/strong><\/li><li><strong>Maestro<\/strong><\/li><\/ul><p>P\u0142atno\u015b\u0107 kart\u0105 to szybki i bezpieczny spos\u00f3b na dokonanie zakup\u00f3w w naszym sklepie. W przypadku anulowania zam\u00f3wienia, zwrot \u015brodk\u00f3w nast\u0119puje na t\u0119 sam\u0105 kart\u0119. Prosz\u0119 pami\u0119ta\u0107, \u017ce wszelkie dodatkowe op\u0142aty zwi\u0105zane z przelewami zagranicznymi nie s\u0105 pokrywane przez nasz sklep.<\/p><hr \/><h4><strong>4. Google Pay<\/strong><\/h4><p>Google Pay to innowacyjny system p\u0142atno\u015bci mobilnych stworzony przez Google. Umo\u017cliwia on dokonywanie p\u0142atno\u015bci za pomoc\u0105 urz\u0105dze\u0144 z systemem Android, takich jak smartfony, tablety czy smartwatche. Aby korzysta\u0107 z Google Pay, wystarczy wprowadzi\u0107 dane karty kredytowej lub debetowej do systemu p\u0142atno\u015bci. Google Pay jest ca\u0142kowicie bezpieczny, poniewa\u017c sprzedawca nie ma dost\u0119pu do rzeczywistych danych karty. Ka\u017cda transakcja jest zabezpieczona jednorazowym kodem bezpiecze\u0144stwa, co gwarantuje poufno\u015b\u0107 danych.<\/p><hr \/><h4><strong>5. Apple Pay<\/strong><\/h4><p>Apple Pay umo\u017cliwia szybkie i wygodne p\u0142atno\u015bci za pomoc\u0105 urz\u0105dze\u0144 Apple. Jest to idealne rozwi\u0105zanie dla u\u017cytkownik\u00f3w iPhone\u2019\u00f3w, iPad\u00f3w, MacBook\u00f3w oraz Apple Watch. Aby korzysta\u0107 z Apple Pay, wystarczy doda\u0107 kart\u0119 kredytow\u0105 lub debetow\u0105 z banku obs\u0142uguj\u0105cego t\u0119 us\u0142ug\u0119 do swojego urz\u0105dzenia Apple. Apple Pay zapewnia bezpiecze\u0144stwo transakcji dzi\u0119ki wykorzystaniu zaawansowanych technologii szyfrowania.<\/p><hr \/><h4><strong>6. P\u0142atno\u015b\u0107 za Pobraniem<\/strong><\/h4><p>Dla tych, kt\u00f3rzy preferuj\u0105 p\u0142atno\u015b\u0107 przy odbiorze, oferujemy opcj\u0119 p\u0142atno\u015bci za pobraniem. Wybieraj\u0105c t\u0119 metod\u0119, do faktury doliczamy dodatkow\u0105 op\u0142at\u0119 za us\u0142ug\u0119. Nasz kurier przyjmie p\u0142atno\u015b\u0107 got\u00f3wk\u0105, BLIKIEM lub kart\u0105 kredytow\u0105, w zale\u017cno\u015bci od wybranego przewo\u017anika. Prosimy pami\u0119ta\u0107, \u017ce aktualnie nie oferujemy mo\u017cliwo\u015bci odbioru osobistego zam\u00f3wie\u0144.<\/p><hr \/><h4><strong>7. BLIK<\/strong><\/h4><p>BLIK to szybka i bezpieczna metoda p\u0142atno\u015bci, kt\u00f3ra nie wymaga u\u017cycia karty kredytowej ani portfela. Wszystko, czego potrzebujesz, to smartfon z dost\u0119pem do internetu i aplikacj\u0105 mobiln\u0105 Twojego banku. Kod BLIK jest jednorazowym, 6-cyfrowym kodem generowanym w aplikacji bankowej i wa\u017cnym przez 2 minuty. Wystarczy wprowadzi\u0107 kod BLIK na stronie p\u0142atno\u015bci sklepu, a nast\u0119pnie potwierdzi\u0107 transakcj\u0119 w aplikacji mobilnej banku. To szybkie, wygodne i bezpieczne rozwi\u0105zanie dla wszystkich klient\u00f3w.<\/p><hr \/><h4><strong>8. PayPo<\/strong><\/h4><p>Kup teraz, zap\u0142a\u0107 p\u00f3\u017aniej &#8211; z PayPo mo\u017cesz cieszy\u0107 si\u0119 zakupami ju\u017c dzi\u015b, a zap\u0142aci\u0107 za nie dopiero za 30 dni. Us\u0142uga jest dost\u0119pna dla zam\u00f3wie\u0144 o warto\u015bci od 100 z\u0142 do 2000 z\u0142 i pozwala na sprawdzenie produktu przed dokonaniem p\u0142atno\u015bci. PayPo to idealne rozwi\u0105zanie dla tych, kt\u00f3rzy ceni\u0105 sobie elastyczno\u015b\u0107 finansow\u0105.<\/p><hr \/><h3><strong>DLACZEGO WARTO WYBRA\u0106 SRUBMET.PL?<\/strong><\/h3><p>W <strong data-start=\"2173\" data-end=\"2187\">\u015arubmet.pl<\/strong> zale\u017cy nam na budowaniu trwa\u0142ych relacji \u2013 chcemy, aby\u015b zawsze m\u00f3g\u0142 liczy\u0107 na nasze wsparcie, niezale\u017cnie od wielko\u015bci zam\u00f3wienia. Wszystkie transakcje s\u0105 zabezpieczone najnowszymi technologiami, aby zapewni\u0107 pe\u0142n\u0105 ochron\u0119 danych. Nasze metody p\u0142atno\u015bci zosta\u0142y dobrane tak, aby sprosta\u0107 r\u00f3\u017cnorodnym potrzebom i preferencjom, zapewniaj\u0105c wygodne i bezpieczne zakupy dla ka\u017cdego.<\/p><hr \/><p>Zapraszamy do zakup\u00f3w i \u017cyczymy udanych transakcji!<\/p><p><img decoding=\"async\" src=\"\/userdata\/public\/assets\/\/platnosci_poziom_z_kartami%20%281%29.png\" alt=\"\" width=\"1200\" \/><\/p><\/div><\/div>\t\t\t\t\t\t\t\t<\/div>\n\t\t\t\t\t<\/div>\n\t\t\t\t<\/div>\n\t\t\t\t<\/div>\n\t\t","protected":false},"excerpt":{"rendered":"<p>METODY P\u0141ATNO\u015aCI SRUBMET.PL\u00a0oferuje r\u00f3\u017cnorodne i bezpieczne metody p\u0142atno\u015bci, aby zapewni\u0107 naszym klientom komfort i wygod\u0119 podczas zakup\u00f3w. Niezale\u017cnie od preferencji, na pewno znajdziesz opcj\u0119, kt\u00f3ra b\u0119dzie dla Ciebie odpowiednia. Poni\u017cej przedstawiamy dost\u0119pne metody p\u0142atno\u015bci: 1. Przelew Tradycyjny Je\u015bli preferujesz tradycyjn\u0105 form\u0119 p\u0142atno\u015bci, mo\u017cesz dokona\u0107 przelewu na nasze konto bankowe. Informacje o rachunku bankowym zostan\u0105 podane [&hellip;]<\/p>\n","protected":false},"author":1,"featured_media":0,"parent":0,"menu_order":0,"comment_status":"closed","ping_status":"closed","template":"","meta":{"footnotes":""},"class_list":["post-22732","page","type-page","status-publish","hentry"],"_links":{"self":[{"href":"http:\/\/electro.flaming-commerce.pl\/index.php\/wp-json\/wp\/v2\/pages\/22732","targetHints":{"allow":["GET"]}}],"collection":[{"href":"http:\/\/electro.flaming-commerce.pl\/index.php\/wp-json\/wp\/v2\/pages"}],"about":[{"href":"http:\/\/electro.flaming-commerce.pl\/index.php\/wp-json\/wp\/v2\/types\/page"}],"author":[{"embeddable":true,"href":"http:\/\/electro.flaming-commerce.pl\/index.php\/wp-json\/wp\/v2\/users\/1"}],"replies":[{"embeddable":true,"href":"http:\/\/electro.flaming-commerce.pl\/index.php\/wp-json\/wp\/v2\/comments?post=22732"}],"version-history":[{"count":10,"href":"http:\/\/electro.flaming-commerce.pl\/index.php\/wp-json\/wp\/v2\/pages\/22732\/revisions"}],"predecessor-version":[{"id":23904,"href":"http:\/\/electro.flaming-commerce.pl\/index.php\/wp-json\/wp\/v2\/pages\/22732\/revisions\/23904"}],"wp:attachment":[{"href":"http:\/\/electro.flaming-commerce.pl\/index.php\/wp-json\/wp\/v2\/media?parent=22732"}],"curies":[{"name":"wp","href":"https:\/\/api.w.org\/{rel}","templated":true}]}}