{"id":9095,"date":"2020-01-13T06:50:18","date_gmt":"2020-01-13T06:50:18","guid":{"rendered":"https:\/\/wpbingosite.com\/wordpress\/vitic\/?page_id=9095"},"modified":"2025-09-09T11:07:16","modified_gmt":"2025-09-09T09:07:16","slug":"o-nas","status":"publish","type":"page","link":"https:\/\/electro.flaming-commerce.pl\/index.php\/o-nas\/","title":{"rendered":"O nas"},"content":{"rendered":"\t\t<div data-elementor-type=\"wp-page\" data-elementor-id=\"9095\" class=\"elementor elementor-9095\">\n\t\t\t\t\t\t<section class=\"elementor-section elementor-top-section elementor-element elementor-element-cc93ef9 elementor-section-boxed elementor-section-height-default elementor-section-height-default\" data-id=\"cc93ef9\" data-element_type=\"section\">\n\t\t\t\t\t\t<div class=\"elementor-container elementor-column-gap-extended\">\n\t\t\t\t\t<div class=\"elementor-column elementor-col-100 elementor-top-column elementor-element elementor-element-d6b30e0\" data-id=\"d6b30e0\" data-element_type=\"column\">\n\t\t\t<div class=\"elementor-widget-wrap elementor-element-populated\">\n\t\t\t\t\t\t<div class=\"elementor-element elementor-element-88df332 title-block-2 elementor-widget elementor-widget-text-editor\" data-id=\"88df332\" data-element_type=\"widget\" data-widget_type=\"text-editor.default\">\n\t\t\t\t\t\t\t\t\t<h5>Nasza historia<\/h5><h2>Jeste\u015bmy liderem bran\u017cy \u015brub w Polsce<\/h2>\t\t\t\t\t\t\t\t<\/div>\n\t\t\t\t<div class=\"elementor-element elementor-element-074a76b elementor-widget elementor-widget-text-editor\" data-id=\"074a76b\" data-element_type=\"widget\" data-widget_type=\"text-editor.default\">\n\t\t\t\t\t\t\t\t\t<p data-start=\"268\" data-end=\"601\"><strong data-start=\"268\" data-end=\"280\">\u015arub-Met<\/strong> to firma z wieloletnim do\u015bwiadczeniem, specjalizuj\u0105ca si\u0119 w sprzeda\u017cy <strong data-start=\"351\" data-end=\"374\">element\u00f3w z\u0142\u0105cznych<\/strong> oraz <strong data-start=\"380\" data-end=\"404\">artyku\u0142\u00f3w metalowych<\/strong>. Od pocz\u0105tku naszej dzia\u0142alno\u015bci stawiamy na <strong data-start=\"450\" data-end=\"504\">jako\u015b\u0107, rzetelno\u015b\u0107 i profesjonaln\u0105 obs\u0142ug\u0119 klienta<\/strong>, dzi\u0119ki czemu zdobyli\u015bmy zaufanie zar\u00f3wno klient\u00f3w indywidualnych, jak i firm z r\u00f3\u017cnych bran\u017c.<\/p><p data-start=\"603\" data-end=\"975\">Nasza siedziba mie\u015bci si\u0119 w <strong data-start=\"631\" data-end=\"676\">\u015awi\u0119toch\u0142owicach przy ul. Chorzowskiej 98<\/strong>, sk\u0105d od lat zaopatrujemy klient\u00f3w w <strong data-start=\"714\" data-end=\"741\">wysokiej klasy produkty<\/strong> przeznaczone zar\u00f3wno do zastosowa\u0144 profesjonalnych, jak i domowych. Wsp\u00f3\u0142pracujemy z renomowanymi producentami i dostawcami, dzi\u0119ki czemu mamy pewno\u015b\u0107, \u017ce oferujemy rozwi\u0105zania trwa\u0142e, niezawodne i zgodne z najwy\u017cszymi standardami.<\/p>\t\t\t\t\t\t\t\t<\/div>\n\t\t\t\t\t<\/div>\n\t\t<\/div>\n\t\t\t\t\t<\/div>\n\t\t<\/section>\n\t\t\t\t<section class=\"elementor-section elementor-top-section elementor-element elementor-element-0ea5665 elementor-section-boxed elementor-section-height-default elementor-section-height-default\" data-id=\"0ea5665\" data-element_type=\"section\">\n\t\t\t\t\t\t<div class=\"elementor-container elementor-column-gap-extended\">\n\t\t\t\t\t<div class=\"elementor-column elementor-col-50 elementor-top-column elementor-element elementor-element-4f83d54\" data-id=\"4f83d54\" data-element_type=\"column\">\n\t\t\t<div class=\"elementor-widget-wrap elementor-element-populated\">\n\t\t\t\t\t\t<div class=\"elementor-element elementor-element-b9ad864 elementor-widget elementor-widget-bwp_image\" data-id=\"b9ad864\" data-element_type=\"widget\" data-widget_type=\"bwp_image.default\">\n\t\t\t\t<div class=\"elementor-widget-container\">\n\t\t\t\t\t<div class=\"bwp-widget-banner default\">\r\n\t\t\r\n\t<div class=\"bg-banner\">\t\t\r\n\t\t<div class=\"banner-wrapper banners\">\r\n\t\t\t<div class=\"bwp-image\">\r\n\t\t\t\t\t\t\t\t\t<a href=\"#\"><img decoding=\"async\" src=\"http:\/\/electro.flaming-commerce.pl\/wp-content\/uploads\/2025\/09\/Projekt-bez-nazwy-90.png\" alt=\"Banner Image\"><\/a>\r\n\t\t\t\t\t\t\t<\/div>\r\n\t\t\t<div class=\"banner-wrapper-infor\">\r\n\t\t\t\t<div class=\"info\">\r\n\t\t\t\t\t\t\t\t\t\t\t\t\t\t\t\t\t\t\t\t\t\t\t\t<\/div>\r\n\t\t\t<\/div>\r\n\t\t<\/div>\r\n\t<\/div>\r\n\t<\/div>\r\n\t\t\t\t<\/div>\n\t\t\t\t<\/div>\n\t\t\t\t<section class=\"elementor-section elementor-inner-section elementor-element elementor-element-7f1af6d elementor-section-full_width elementor-section-height-default elementor-section-height-default\" data-id=\"7f1af6d\" data-element_type=\"section\">\n\t\t\t\t\t\t<div class=\"elementor-container elementor-column-gap-default\">\n\t\t\t\t\t<div class=\"elementor-column elementor-col-50 elementor-inner-column elementor-element elementor-element-07312eb\" data-id=\"07312eb\" data-element_type=\"column\">\n\t\t\t<div class=\"elementor-widget-wrap elementor-element-populated\">\n\t\t\t\t\t\t<div class=\"elementor-element elementor-element-8c28842 elementor-widget elementor-widget-bwp_image\" data-id=\"8c28842\" data-element_type=\"widget\" data-widget_type=\"bwp_image.default\">\n\t\t\t\t<div class=\"elementor-widget-container\">\n\t\t\t\t\t<div class=\"bwp-widget-banner default\">\r\n\t\t\r\n\t<div class=\"bg-banner\">\t\t\r\n\t\t<div class=\"banner-wrapper banners\">\r\n\t\t\t<div class=\"bwp-image\">\r\n\t\t\t\t\t\t\t\t\t<a href=\"#\"><img decoding=\"async\" src=\"http:\/\/electro.flaming-commerce.pl\/wp-content\/uploads\/2025\/09\/23874323_1990249341258492_482452645_o-600x462-1-1.jpg\" alt=\"Banner Image\"><\/a>\r\n\t\t\t\t\t\t\t<\/div>\r\n\t\t\t<div class=\"banner-wrapper-infor\">\r\n\t\t\t\t<div class=\"info\">\r\n\t\t\t\t\t\t\t\t\t\t\t\t\t\t\t\t\t\t\t\t\t\t\t\t<\/div>\r\n\t\t\t<\/div>\r\n\t\t<\/div>\r\n\t<\/div>\r\n\t<\/div>\r\n\t\t\t\t<\/div>\n\t\t\t\t<\/div>\n\t\t\t\t\t<\/div>\n\t\t<\/div>\n\t\t\t\t<div class=\"elementor-column elementor-col-50 elementor-inner-column elementor-element elementor-element-a06eefb\" data-id=\"a06eefb\" data-element_type=\"column\">\n\t\t\t<div class=\"elementor-widget-wrap elementor-element-populated\">\n\t\t\t\t\t\t<div class=\"elementor-element elementor-element-93f10d4 elementor-widget elementor-widget-bwp_image\" data-id=\"93f10d4\" data-element_type=\"widget\" data-widget_type=\"bwp_image.default\">\n\t\t\t\t<div class=\"elementor-widget-container\">\n\t\t\t\t\t<div class=\"bwp-widget-banner default\">\r\n\t\t\r\n\t<div class=\"bg-banner\">\t\t\r\n\t\t<div class=\"banner-wrapper banners\">\r\n\t\t\t<div class=\"bwp-image\">\r\n\t\t\t\t\t\t\t\t\t<a href=\"#\"><img decoding=\"async\" src=\"https:\/\/vitic.wpbingosite.com\/wp-content\/uploads\/2020\/10\/about-3.jpg\" alt=\"Banner Image\"><\/a>\r\n\t\t\t\t\t\t\t<\/div>\r\n\t\t\t<div class=\"banner-wrapper-infor\">\r\n\t\t\t\t<div class=\"info\">\r\n\t\t\t\t\t\t\t\t\t\t\t\t\t\t\t\t\t\t\t\t\t\t\t\t<\/div>\r\n\t\t\t<\/div>\r\n\t\t<\/div>\r\n\t<\/div>\r\n\t<\/div>\r\n\t\t\t\t<\/div>\n\t\t\t\t<\/div>\n\t\t\t\t\t<\/div>\n\t\t<\/div>\n\t\t\t\t\t<\/div>\n\t\t<\/section>\n\t\t\t\t\t<\/div>\n\t\t<\/div>\n\t\t\t\t<div class=\"elementor-column elementor-col-50 elementor-top-column elementor-element elementor-element-e484734\" data-id=\"e484734\" data-element_type=\"column\">\n\t\t\t<div class=\"elementor-widget-wrap elementor-element-populated\">\n\t\t\t\t\t\t<div class=\"elementor-element elementor-element-28b6cd4 elementor-widget elementor-widget-bwp_image\" data-id=\"28b6cd4\" data-element_type=\"widget\" data-widget_type=\"bwp_image.default\">\n\t\t\t\t<div class=\"elementor-widget-container\">\n\t\t\t\t\t<div class=\"bwp-widget-banner default\">\r\n\t\t\r\n\t<div class=\"bg-banner\">\t\t\r\n\t\t<div class=\"banner-wrapper banners\">\r\n\t\t\t<div class=\"bwp-image\">\r\n\t\t\t\t\t\t\t\t\t<a href=\"#\"><img decoding=\"async\" src=\"https:\/\/vitic.wpbingosite.com\/wp-content\/uploads\/2020\/10\/about-4.jpg\" alt=\"Banner Image\"><\/a>\r\n\t\t\t\t\t\t\t<\/div>\r\n\t\t\t<div class=\"banner-wrapper-infor\">\r\n\t\t\t\t<div class=\"info\">\r\n\t\t\t\t\t\t\t\t\t\t\t\t\t\t\t\t\t\t\t\t\t\t\t\t<\/div>\r\n\t\t\t<\/div>\r\n\t\t<\/div>\r\n\t<\/div>\r\n\t<\/div>\r\n\t\t\t\t<\/div>\n\t\t\t\t<\/div>\n\t\t\t\t<div class=\"elementor-element elementor-element-f9bcb6d elementor-widget elementor-widget-bwp_image\" data-id=\"f9bcb6d\" data-element_type=\"widget\" data-widget_type=\"bwp_image.default\">\n\t\t\t\t<div class=\"elementor-widget-container\">\n\t\t\t\t\t<div class=\"bwp-widget-banner default\">\r\n\t\t\r\n\t<div class=\"bg-banner\">\t\t\r\n\t\t<div class=\"banner-wrapper banners\">\r\n\t\t\t<div class=\"bwp-image\">\r\n\t\t\t\t\t\t\t\t\t<a href=\"#\"><img decoding=\"async\" src=\"http:\/\/electro.flaming-commerce.pl\/wp-content\/uploads\/2025\/09\/Projekt-bez-nazwy-89.png\" alt=\"Banner Image\"><\/a>\r\n\t\t\t\t\t\t\t<\/div>\r\n\t\t\t<div class=\"banner-wrapper-infor\">\r\n\t\t\t\t<div class=\"info\">\r\n\t\t\t\t\t\t\t\t\t\t\t\t\t\t\t\t\t\t\t\t\t\t\t\t<\/div>\r\n\t\t\t<\/div>\r\n\t\t<\/div>\r\n\t<\/div>\r\n\t<\/div>\r\n\t\t\t\t<\/div>\n\t\t\t\t<\/div>\n\t\t\t\t\t<\/div>\n\t\t<\/div>\n\t\t\t\t\t<\/div>\n\t\t<\/section>\n\t\t\t\t<section class=\"elementor-section elementor-top-section elementor-element elementor-element-5d88741 elementor-section-boxed elementor-section-height-default elementor-section-height-default\" data-id=\"5d88741\" data-element_type=\"section\">\n\t\t\t\t\t\t<div class=\"elementor-container elementor-column-gap-extended\">\n\t\t\t\t\t<div class=\"elementor-column elementor-col-100 elementor-top-column elementor-element elementor-element-ec93387\" data-id=\"ec93387\" data-element_type=\"column\">\n\t\t\t<div class=\"elementor-widget-wrap elementor-element-populated\">\n\t\t\t\t\t\t<div class=\"elementor-element elementor-element-7ab2660 elementor-widget elementor-widget-text-editor\" data-id=\"7ab2660\" data-element_type=\"widget\" data-widget_type=\"text-editor.default\">\n\t\t\t\t\t\t\t\t\t<h3 data-start=\"982\" data-end=\"1039\"><strong data-start=\"986\" data-end=\"1037\">Szeroki asortyment, kt\u00f3ry spe\u0142ni Twoje potrzeby<\/strong><\/h3><p data-start=\"1041\" data-end=\"1243\">Nasza oferta obejmuje tysi\u0105ce produkt\u00f3w, kt\u00f3re znajduj\u0105 zastosowanie w r\u00f3\u017cnych ga\u0142\u0119ziach przemys\u0142u, budownictwa oraz w pracach warsztatowych i domowych. W naszym asortymencie znajdziesz mi\u0119dzy innymi:<\/p><ul data-start=\"1244\" data-end=\"1621\"><li data-start=\"1244\" data-end=\"1303\"><p data-start=\"1246\" data-end=\"1303\"><strong data-start=\"1246\" data-end=\"1276\">\u015bruby, nakr\u0119tki, podk\u0142adki<\/strong> i inne elementy z\u0142\u0105czne,<\/p><\/li><li data-start=\"1304\" data-end=\"1358\"><p data-start=\"1306\" data-end=\"1358\"><strong data-start=\"1306\" data-end=\"1329\">wkr\u0119ty, kotwy, nity<\/strong> oraz <strong data-start=\"1335\" data-end=\"1355\">pr\u0119ty gwintowane<\/strong>,<\/p><\/li><li data-start=\"1359\" data-end=\"1452\"><p data-start=\"1361\" data-end=\"1452\">wysokiej jako\u015bci <strong data-start=\"1378\" data-end=\"1399\">chemie techniczne<\/strong> \u2013 kleje, uszczelniacze, smary i \u015brodki czyszcz\u0105ce,<\/p><\/li><li data-start=\"1453\" data-end=\"1511\"><p data-start=\"1455\" data-end=\"1511\">profesjonalne <strong data-start=\"1469\" data-end=\"1508\">narz\u0119dzia r\u0119czne i elektronarz\u0119dzia<\/strong>,<\/p><\/li><li data-start=\"1512\" data-end=\"1621\"><p data-start=\"1514\" data-end=\"1621\">akcesoria potrzebne zar\u00f3wno dla majsterkowicz\u00f3w, jak i specjalist\u00f3w z bran\u017cy budowlanej czy przemys\u0142owej.<\/p><\/li><\/ul><p data-start=\"1623\" data-end=\"1810\">Dzi\u0119ki tak szerokiej ofercie jeste\u015bmy w stanie zapewni\u0107 <strong data-start=\"1679\" data-end=\"1707\">kompleksowe zaopatrzenie<\/strong> dla zak\u0142ad\u00f3w produkcyjnych, warsztat\u00f3w, firm remontowo-budowlanych, a tak\u017ce klient\u00f3w indywidualnych.<\/p><hr data-start=\"1812\" data-end=\"1815\" \/><h3 data-start=\"1817\" data-end=\"1857\"><strong data-start=\"1821\" data-end=\"1855\">Dlaczego warto wybra\u0107 \u015arub-Met<\/strong><\/h3><p data-start=\"1859\" data-end=\"1986\">Od lat zdobywamy do\u015bwiadczenie, kt\u00f3re pozwala nam sprosta\u0107 nawet najbardziej wymagaj\u0105cym oczekiwaniom. Nasze mocne strony to:<\/p><ul data-start=\"1987\" data-end=\"2454\"><li data-start=\"1987\" data-end=\"2084\"><p data-start=\"1989\" data-end=\"2084\"><strong data-start=\"1989\" data-end=\"2016\">Profesjonalne doradztwo<\/strong> \u2013 pomagamy dobra\u0107 produkty idealnie dopasowane do Twoich potrzeb.<\/p><\/li><li data-start=\"2085\" data-end=\"2170\"><p data-start=\"2087\" data-end=\"2170\"><strong data-start=\"2087\" data-end=\"2113\">Indywidualne podej\u015bcie<\/strong> \u2013 wiemy, \u017ce ka\u017cdy klient i ka\u017cde zam\u00f3wienie jest inne.<\/p><\/li><li data-start=\"2171\" data-end=\"2274\"><p data-start=\"2173\" data-end=\"2274\"><strong data-start=\"2173\" data-end=\"2195\">Szeroki asortyment<\/strong> \u2013 stale poszerzamy nasz\u0105 ofert\u0119, aby odpowiada\u0142a aktualnym wymaganiom rynku.<\/p><\/li><li data-start=\"2275\" data-end=\"2356\"><p data-start=\"2277\" data-end=\"2356\"><strong data-start=\"2277\" data-end=\"2298\">Gwarancja jako\u015bci<\/strong> \u2013 wsp\u00f3\u0142pracujemy wy\u0142\u0105cznie z renomowanymi producentami.<\/p><\/li><li data-start=\"2357\" data-end=\"2454\"><p data-start=\"2359\" data-end=\"2454\"><strong data-start=\"2359\" data-end=\"2389\">Szybka realizacja zam\u00f3wie\u0144<\/strong> \u2013 dbamy o to, by produkty dociera\u0142y do Ciebie jak najszybciej.<\/p><\/li><\/ul><p data-start=\"2456\" data-end=\"2700\">Nasza filozofia jest prosta \u2013 <strong data-start=\"2486\" data-end=\"2536\">zadowolenie klienta jest dla nas najwa\u017cniejsze<\/strong>. To dlatego nie tylko sprzedajemy produkty, ale r\u00f3wnie\u017c pomagamy w wyborze najlepszych rozwi\u0105za\u0144 oraz zapewniamy wsparcie techniczne na ka\u017cdym etapie wsp\u00f3\u0142pracy.<\/p>\t\t\t\t\t\t\t\t<\/div>\n\t\t\t\t<section class=\"elementor-section elementor-inner-section elementor-element elementor-element-ef4ec2b elementor-section-boxed elementor-section-height-default elementor-section-height-default\" data-id=\"ef4ec2b\" data-element_type=\"section\">\n\t\t\t\t\t\t<div class=\"elementor-container elementor-column-gap-extended\">\n\t\t\t\t\t<div class=\"elementor-column elementor-col-50 elementor-inner-column elementor-element elementor-element-e39bc4b\" data-id=\"e39bc4b\" data-element_type=\"column\">\n\t\t\t<div class=\"elementor-widget-wrap elementor-element-populated\">\n\t\t\t\t\t\t<div class=\"elementor-element elementor-element-fed847e elementor-widget elementor-widget-bwp_policy\" data-id=\"fed847e\" data-element_type=\"widget\" data-widget_type=\"bwp_policy.default\">\n\t\t\t\t<div class=\"elementor-widget-container\">\n\t\t\t\t\t\r\n<div class=\"bwp-policy default3\">\r\n\t\t\t<div class=\"policy-icon image\">\r\n\t\t\t\t\t\t\t<img decoding=\"async\" src=\"https:\/\/vitic.wpbingosite.com\/wp-content\/uploads\/2020\/10\/icon-7.png\" alt=\"Image Policy\">\r\n\t\t\t\t\t\t\t\t<\/div>\r\n\t\t\t\t<div class=\"policy-info\">\r\n\t\t\t\t\t\t\t<h3 class=\"title-policy\">24 lata do\u015bwiadczenia<\/h3>\r\n\t\t\t\t\t\t\t\t\t\t<div class=\"desc-policy\">Dostarczamy sprawdzone rozwi\u0105zania w zakresie element\u00f3w z\u0142\u0105cznych dla domu, warsztatu i biznesu. Nasze do\u015bwiadczenie w bran\u017cy pozwala nam oferowa\u0107 produkty, kt\u00f3re \u0142\u0105cz\u0105 wysok\u0105 jako\u015b\u0107, trwa\u0142o\u015b\u0107.<\/div>\r\n\t\t\t\t\t<\/div>\r\n\t<\/div><!-- .bwp-policy -->\r\n\t\t\t\t<\/div>\n\t\t\t\t<\/div>\n\t\t\t\t\t<\/div>\n\t\t<\/div>\n\t\t\t\t<div class=\"elementor-column elementor-col-50 elementor-inner-column elementor-element elementor-element-50f600a\" data-id=\"50f600a\" data-element_type=\"column\">\n\t\t\t<div class=\"elementor-widget-wrap elementor-element-populated\">\n\t\t\t\t\t\t<div class=\"elementor-element elementor-element-6ad7a45 elementor-widget elementor-widget-bwp_policy\" data-id=\"6ad7a45\" data-element_type=\"widget\" data-widget_type=\"bwp_policy.default\">\n\t\t\t\t<div class=\"elementor-widget-container\">\n\t\t\t\t\t\r\n<div class=\"bwp-policy default3\">\r\n\t\t\t<div class=\"policy-icon image\">\r\n\t\t\t\t\t\t\t<img decoding=\"async\" src=\"https:\/\/vitic.wpbingosite.com\/wp-content\/uploads\/2020\/10\/icon-8.png\" alt=\"Image Policy\">\r\n\t\t\t\t\t\t\t\t<\/div>\r\n\t\t\t\t<div class=\"policy-info\">\r\n\t\t\t\t\t\t\t<h3 class=\"title-policy\">20,000+ Zadowolonych klient\u00f3w<\/h3>\r\n\t\t\t\t\t\t\t\t\t\t<div class=\"desc-policy\">Ponad 20 tysi\u0119cy klient\u00f3w wybra\u0142o ju\u017c Electrosphere.pl jako swojego zaufanego partnera. Ich satysfakcja to dla nas najlepsze potwierdzenie jako\u015bci i obs\u0142ugi. Cieszymy si\u0119, \u017ce jeste\u015bcie z nami!<\/div>\r\n\t\t\t\t\t<\/div>\r\n\t<\/div><!-- .bwp-policy -->\r\n\t\t\t\t<\/div>\n\t\t\t\t<\/div>\n\t\t\t\t\t<\/div>\n\t\t<\/div>\n\t\t\t\t\t<\/div>\n\t\t<\/section>\n\t\t\t\t\t<\/div>\n\t\t<\/div>\n\t\t\t\t\t<\/div>\n\t\t<\/section>\n\t\t\t\t<\/div>\n\t\t","protected":false},"excerpt":{"rendered":"<p>Nasza historia Jeste\u015bmy liderem bran\u017cy \u015brub w Polsce \u015arub-Met to firma z wieloletnim do\u015bwiadczeniem, specjalizuj\u0105ca si\u0119 w sprzeda\u017cy element\u00f3w z\u0142\u0105cznych oraz artyku\u0142\u00f3w metalowych. Od pocz\u0105tku naszej dzia\u0142alno\u015bci stawiamy na jako\u015b\u0107, rzetelno\u015b\u0107 i profesjonaln\u0105 obs\u0142ug\u0119 klienta, dzi\u0119ki czemu zdobyli\u015bmy zaufanie zar\u00f3wno klient\u00f3w indywidualnych, jak i firm z r\u00f3\u017cnych bran\u017c. Nasza siedziba mie\u015bci si\u0119 w \u015awi\u0119toch\u0142owicach przy [&hellip;]<\/p>\n","protected":false},"author":1,"featured_media":0,"parent":0,"menu_order":0,"comment_status":"closed","ping_status":"closed","template":"","meta":{"footnotes":""},"class_list":["post-9095","page","type-page","status-publish","hentry"],"_links":{"self":[{"href":"https:\/\/electro.flaming-commerce.pl\/index.php\/wp-json\/wp\/v2\/pages\/9095","targetHints":{"allow":["GET"]}}],"collection":[{"href":"https:\/\/electro.flaming-commerce.pl\/index.php\/wp-json\/wp\/v2\/pages"}],"about":[{"href":"https:\/\/electro.flaming-commerce.pl\/index.php\/wp-json\/wp\/v2\/types\/page"}],"author":[{"embeddable":true,"href":"https:\/\/electro.flaming-commerce.pl\/index.php\/wp-json\/wp\/v2\/users\/1"}],"replies":[{"embeddable":true,"href":"https:\/\/electro.flaming-commerce.pl\/index.php\/wp-json\/wp\/v2\/comments?post=9095"}],"version-history":[{"count":43,"href":"https:\/\/electro.flaming-commerce.pl\/index.php\/wp-json\/wp\/v2\/pages\/9095\/revisions"}],"predecessor-version":[{"id":24043,"href":"https:\/\/electro.flaming-commerce.pl\/index.php\/wp-json\/wp\/v2\/pages\/9095\/revisions\/24043"}],"wp:attachment":[{"href":"https:\/\/electro.flaming-commerce.pl\/index.php\/wp-json\/wp\/v2\/media?parent=9095"}],"curies":[{"name":"wp","href":"https:\/\/api.w.org\/{rel}","templated":true}]}}